{"id":2312,"date":"2025-04-29T20:47:10","date_gmt":"2025-04-29T20:47:10","guid":{"rendered":"https:\/\/golfresort.hr\/?page_id=2312"},"modified":"2025-07-23T22:07:00","modified_gmt":"2025-07-23T22:07:00","slug":"impressum","status":"publish","type":"page","link":"http:\/\/golfresort.hr\/de\/impressum\/","title":{"rendered":"Impressum"},"content":{"rendered":"\t\t<div data-elementor-type=\"wp-page\" data-elementor-id=\"2312\" class=\"elementor elementor-2312\" data-elementor-post-type=\"page\">\n\t\t\t\t<div data-particle_enable=\"false\" data-particle-mobile-disabled=\"false\" class=\"elementor-element elementor-element-f53ca6c e-flex e-con-boxed e-con e-child\" data-id=\"f53ca6c\" data-element_type=\"container\" data-e-type=\"container\" data-settings=\"{&quot;background_background&quot;:&quot;classic&quot;}\">\n\t\t\t\t\t<div class=\"e-con-inner\">\n\t\t<div data-particle_enable=\"false\" data-particle-mobile-disabled=\"false\" class=\"elementor-element elementor-element-645f770 e-con-full e-flex e-con e-child\" data-id=\"645f770\" data-element_type=\"container\" data-e-type=\"container\">\n\t\t\t\t<div class=\"elementor-element elementor-element-f084f8c elementor-widget elementor-widget-heading\" data-id=\"f084f8c\" data-element_type=\"widget\" data-e-type=\"widget\" data-widget_type=\"heading.default\">\n\t\t\t\t<div class=\"elementor-widget-container\">\n\t\t\t\t\t<h1 class=\"elementor-heading-title elementor-size-default\">Impressum<\/h1>\t\t\t\t<\/div>\n\t\t\t\t<\/div>\n\t\t\t\t<\/div>\n\t\t\t\t\t<\/div>\n\t\t\t\t<\/div>\n\t\t<div data-particle_enable=\"false\" data-particle-mobile-disabled=\"false\" class=\"elementor-element elementor-element-f107175 e-flex e-con-boxed e-con e-parent\" data-id=\"f107175\" data-element_type=\"container\" data-e-type=\"container\">\n\t\t\t\t\t<div class=\"e-con-inner\">\n\t\t<div data-particle_enable=\"false\" data-particle-mobile-disabled=\"false\" class=\"elementor-element elementor-element-070acf6 e-con-full e-flex e-con e-child\" data-id=\"070acf6\" data-element_type=\"container\" data-e-type=\"container\">\n\t\t<div data-particle_enable=\"false\" data-particle-mobile-disabled=\"false\" class=\"elementor-element elementor-element-5202b14 e-con-full e-flex e-con e-child\" data-id=\"5202b14\" data-element_type=\"container\" data-e-type=\"container\">\n\t\t\t\t<div class=\"elementor-element elementor-element-a01a952 elementor-widget elementor-widget-heading\" data-id=\"a01a952\" data-element_type=\"widget\" data-e-type=\"widget\" data-widget_type=\"heading.default\">\n\t\t\t\t<div class=\"elementor-widget-container\">\n\t\t\t\t\t<h2 class=\"elementor-heading-title elementor-size-default\">Golf Residence Savudrija<\/h2>\t\t\t\t<\/div>\n\t\t\t\t<\/div>\n\t\t\t\t<div class=\"elementor-element elementor-element-e9e9589 elementor-widget elementor-widget-text-editor\" data-id=\"e9e9589\" data-element_type=\"widget\" data-e-type=\"widget\" data-widget_type=\"text-editor.default\">\n\t\t\t\t<div class=\"elementor-widget-container\">\n\t\t\t\t\t\t\t\t\t<p><strong>Angaben gem\u00e4\u00df \u00a7 5 TMG \/ Anbieterkennzeichnung gem\u00e4\u00df EU-Recht<br><\/strong><br><strong>Golf Residence Savudrija d.o.o.<\/strong><br>Benkovi\u0107eva ulica 2<br>10000 Zagreb<br>Kroatien<br><br><strong>OIB (kroatische Steuernummer):<\/strong> 05932011650<br><strong>Handelsregister:<\/strong> Eingetragen im Handelsregister der Republik Kroatien<br><strong>Vertreten durch:<\/strong> Gesch\u00e4ftsf\u00fchrer Bago Tihomir<br><br><strong>Kontakt:<\/strong><br><img decoding=\"async\" draggable=\"false\" role=\"img\" class=\"emoji\" alt=\"\ud83d\udce7\" src=\"https:\/\/s.w.org\/images\/core\/emoji\/16.0.1\/svg\/1f4e7.svg\"> <a href=\"mailto:sales@golfresort.hr\">sales@golfresort.hr<\/a><br><img decoding=\"async\" draggable=\"false\" role=\"img\" class=\"emoji\" alt=\"\ud83d\udcde\" src=\"https:\/\/s.w.org\/images\/core\/emoji\/16.0.1\/svg\/1f4de.svg\"> <a href=\"tel:+385916389388\">+385 91 638 9388<\/a><br><img decoding=\"async\" draggable=\"false\" role=\"img\" class=\"emoji\" alt=\"\ud83d\udcf1\" src=\"https:\/\/s.w.org\/images\/core\/emoji\/16.0.1\/svg\/1f4f1.svg\"> WhatsApp: <a href=\"https:\/\/wa.me\/385916389388\" target=\"_blank\" rel=\"nofollow noopener\">+385 91 638 9388<\/a><br><br><strong>Verantwortlich f\u00fcr den Inhalt nach \u00a7 55 Abs. 2 RStV:<\/strong><br>Bago Tihomir<br>Benkovi\u0107eva ulica 2<br>10000 Zagreb, Kroatien<br><br><strong>Umsatzsteuer-Identifikationsnummer gem\u00e4\u00df \u00a7 27a UStG:<\/strong><br>Nicht vergeben \/ wird bei Bedarf nachgereicht<br><br><strong>Hosting und technische Umsetzung:<\/strong><br>Optimus-hosting.eu<\/p>\t\t\t\t\t\t\t\t<\/div>\n\t\t\t\t<\/div>\n\t\t\t\t<\/div>\n\t\t\t\t<\/div>\n\t\t\t\t\t<\/div>\n\t\t\t\t<\/div>\n\t\t\t\t<\/div>\n\t\t","protected":false},"excerpt":{"rendered":"<p>Impressum Golf Residence Savudrija Angaben gem\u00e4\u00df \u00a7 5 TMG \/ Anbieterkennzeichnung gem\u00e4\u00df EU-RechtGolf Residence Savudrija d.o.o.Benkovi\u0107eva ulica 210000 ZagrebKroatien OIB (kroatische Steuernummer): 05932011650Handelsregister: Eingetragen im Handelsregister der Republik KroatienVertreten durch: Gesch\u00e4ftsf\u00fchrer Bago Tihomir Kontakt: sales@golfresort.hr +385 91 638 9388 WhatsApp: +385 91 638 9388 Verantwortlich f\u00fcr den Inhalt nach \u00a7 55 Abs. 2 RStV:Bago TihomirBenkovi\u0107eva [&hellip;]<\/p>\n","protected":false},"author":2,"featured_media":0,"parent":0,"menu_order":0,"comment_status":"closed","ping_status":"closed","template":"","meta":{"footnotes":""},"class_list":["post-2312","page","type-page","status-publish","hentry"],"_links":{"self":[{"href":"http:\/\/golfresort.hr\/de\/wp-json\/wp\/v2\/pages\/2312","targetHints":{"allow":["GET"]}}],"collection":[{"href":"http:\/\/golfresort.hr\/de\/wp-json\/wp\/v2\/pages"}],"about":[{"href":"http:\/\/golfresort.hr\/de\/wp-json\/wp\/v2\/types\/page"}],"author":[{"embeddable":true,"href":"http:\/\/golfresort.hr\/de\/wp-json\/wp\/v2\/users\/2"}],"replies":[{"embeddable":true,"href":"http:\/\/golfresort.hr\/de\/wp-json\/wp\/v2\/comments?post=2312"}],"version-history":[{"count":6,"href":"http:\/\/golfresort.hr\/de\/wp-json\/wp\/v2\/pages\/2312\/revisions"}],"predecessor-version":[{"id":6311,"href":"http:\/\/golfresort.hr\/de\/wp-json\/wp\/v2\/pages\/2312\/revisions\/6311"}],"wp:attachment":[{"href":"http:\/\/golfresort.hr\/de\/wp-json\/wp\/v2\/media?parent=2312"}],"curies":[{"name":"wp","href":"https:\/\/api.w.org\/{rel}","templated":true}]}}