{"id":5569,"date":"2025-04-29T20:58:53","date_gmt":"2025-04-29T20:58:53","guid":{"rendered":"https:\/\/golfresort.hr\/?page_id=5569"},"modified":"2025-07-23T22:09:35","modified_gmt":"2025-07-23T22:09:35","slug":"politika-zasebnosti","status":"publish","type":"page","link":"https:\/\/golfresort.hr\/sl\/politika-zasebnosti\/","title":{"rendered":"Politika zasebnosti"},"content":{"rendered":"\t\t<div data-elementor-type=\"wp-page\" data-elementor-id=\"5569\" class=\"elementor elementor-5569 elementor-2317\" data-elementor-post-type=\"page\">\n\t\t\t\t<div data-particle_enable=\"false\" data-particle-mobile-disabled=\"false\" class=\"elementor-element elementor-element-f53ca6c e-flex e-con-boxed e-con e-child\" data-id=\"f53ca6c\" data-element_type=\"container\" data-e-type=\"container\" data-settings=\"{&quot;background_background&quot;:&quot;classic&quot;}\">\n\t\t\t\t\t<div class=\"e-con-inner\">\n\t\t<div data-particle_enable=\"false\" data-particle-mobile-disabled=\"false\" class=\"elementor-element elementor-element-645f770 e-con-full e-flex e-con e-child\" data-id=\"645f770\" data-element_type=\"container\" data-e-type=\"container\">\n\t\t\t\t<div class=\"elementor-element elementor-element-f084f8c elementor-widget elementor-widget-heading\" data-id=\"f084f8c\" data-element_type=\"widget\" data-e-type=\"widget\" data-widget_type=\"heading.default\">\n\t\t\t\t<div class=\"elementor-widget-container\">\n\t\t\t\t\t<h1 class=\"elementor-heading-title elementor-size-default\">Politika zasebnosti<\/h1>\t\t\t\t<\/div>\n\t\t\t\t<\/div>\n\t\t\t\t<\/div>\n\t\t\t\t\t<\/div>\n\t\t\t\t<\/div>\n\t\t<div data-particle_enable=\"false\" data-particle-mobile-disabled=\"false\" class=\"elementor-element elementor-element-f107175 e-flex e-con-boxed e-con e-parent\" data-id=\"f107175\" data-element_type=\"container\" data-e-type=\"container\">\n\t\t\t\t\t<div class=\"e-con-inner\">\n\t\t<div data-particle_enable=\"false\" data-particle-mobile-disabled=\"false\" class=\"elementor-element elementor-element-070acf6 e-con-full e-flex e-con e-child\" data-id=\"070acf6\" data-element_type=\"container\" data-e-type=\"container\">\n\t\t<div data-particle_enable=\"false\" data-particle-mobile-disabled=\"false\" class=\"elementor-element elementor-element-5202b14 e-con-full e-flex e-con e-child\" data-id=\"5202b14\" data-element_type=\"container\" data-e-type=\"container\">\n\t\t\t\t<div class=\"elementor-element elementor-element-a01a952 elementor-widget elementor-widget-heading\" data-id=\"a01a952\" data-element_type=\"widget\" data-e-type=\"widget\" data-widget_type=\"heading.default\">\n\t\t\t\t<div class=\"elementor-widget-container\">\n\t\t\t\t\t<h2 class=\"elementor-heading-title elementor-size-default\">Golf Residence Savudrija<\/h2>\t\t\t\t<\/div>\n\t\t\t\t<\/div>\n\t\t\t\t<div class=\"elementor-element elementor-element-e9e9589 elementor-widget elementor-widget-text-editor\" data-id=\"e9e9589\" data-element_type=\"widget\" data-e-type=\"widget\" data-widget_type=\"text-editor.default\">\n\t\t\t\t<div class=\"elementor-widget-container\">\n\t\t\t\t\t\t\t\t\t<p><strong>Upravljavec<\/strong><br>Golf Residence Savudrija d.o.o.<br>Benkovi\u0107eva ulica 2<br>10000 Zagreb, Hrva\u0161ka<br><br>OIB: 05932011650<br>Direktor: Bago Tihomir<br><br><img decoding=\"async\" draggable=\"false\" role=\"img\" class=\"emoji\" alt=\"\ud83d\udce7\" src=\"https:\/\/s.w.org\/images\/core\/emoji\/16.0.1\/svg\/1f4e7.svg\"> <a href=\"mailto:sales@golfresort.hr\">sales@golfresort.hr<\/a><br><img decoding=\"async\" draggable=\"false\" role=\"img\" class=\"emoji\" alt=\"\ud83d\udcde\" src=\"https:\/\/s.w.org\/images\/core\/emoji\/16.0.1\/svg\/1f4de.svg\"> <a href=\"tel:+385916389388\">+385 91 638 9388<\/a><br><\/p>\n\n<p><strong>Gostovanje<\/strong><br>Na\u0161a spletna stran je gostovana pri ponudniku <strong>Optimus-hosting.eu<\/strong>. Ob obisku spletnega mesta se samodejno obdelujejo podatki, kot so IP-naslov, datum in \u010das dostopa ter podatki o brskalniku. Ti podatki so tehni\u010dno nujni za delovanje in zagotavljanje stabilnosti spletne strani. Dodatna obdelava ali posredovanje ne poteka.<br><\/p>\n\n<p><strong>Pi\u0161kotki in upravljanje soglasij<\/strong><br>Za upravljanje pi\u0161kotkov in zunanjih vsebin v skladu z zakonodajo o varstvu podatkov uporabljamo vti\u010dnik <strong>Borlabs Cookie<\/strong>. Ob prvem obisku spletne strani se vam prika\u017ee pasica, kjer lahko nastavite svoje preference glede pi\u0161kotkov. Osebni podatki se ne posredujejo tretjim osebam.<br>\nBorlabs Cookie shrani va\u0161o izbiro glede uporabe pi\u0161kotkov v pi\u0161kotku (<code>borlabs-cookie<\/code>) na va\u0161i napravi \u2013 popolnoma anonimno.<br><\/p>\n\n<p><strong>Obrazec za zahtevo za bro\u0161uro<\/strong><br>\u010ce izpolnite obrazec za zahtevo za bro\u0161uro, zbiramo podatke, ki jih prostovoljno navedete (ime, e-po\u0161tni naslov in po potrebi telefonska \u0161tevilka).<br>\nTe podatke uporabljamo izklju\u010dno za:<br>\n\u2013 enkratno po\u0161iljanje povezave za prenos bro\u0161ure<br>\n\u2013 morebiten stik v zvezi s projektom \u00bbGolf Residence Savudrija\u00ab<br>\nPravne podlage:<br>\n\u2013 \u010dlen 6(1)(b) Splo\u0161ne uredbe o varstvu podatkov (izvedba predpogodbenih ukrepov)<br>\n\u2013 \u010dlen 6(1)(f) Splo\u0161ne uredbe o varstvu podatkov (legitimni interes za komunikacijo z zainteresiranimi osebami)<br>\nVa\u0161i podatki se ne posredujejo tretjim osebam.<br><\/p>\n\n<p><strong>Obdobje hrambe<\/strong><br>Podatki, zbrani preko obrazca, se hranijo le toliko \u010dasa, kolikor je potrebno za zgoraj navedene namene, oziroma dokler to zahtevajo zakonske obveznosti hrambe.<br><\/p>\n\n<p><strong>Va\u0161e pravice<\/strong><br>Imate pravico kadar koli zahtevati:<br>\n\u2013 dostop do va\u0161ih osebnih podatkov<br>\n\u2013 popravek ali izbris teh podatkov<br>\n\u2013 omejitev obdelave<br>\n\u2013 ugovor obdelavi podatkov<br>\n\u2013 prenosljivost podatkov<br><br>\nZa uveljavljanje teh pravic nas kontaktirajte:<br>\n<img decoding=\"async\" draggable=\"false\" role=\"img\" class=\"emoji\" alt=\"\ud83d\udce7\" src=\"https:\/\/s.w.org\/images\/core\/emoji\/16.0.1\/svg\/1f4e7.svg\"> <a href=\"mailto:sales@golfresort.hr\">sales@golfresort.hr<\/a><br>\n<img decoding=\"async\" draggable=\"false\" role=\"img\" class=\"emoji\" alt=\"\ud83d\udcde\" src=\"https:\/\/s.w.org\/images\/core\/emoji\/16.0.1\/svg\/1f4de.svg\"> <a href=\"tel:+385916389388\">+385 91 638 9388<\/a><br><br>\n\u010ce menite, da obdelava va\u0161ih osebnih podatkov kr\u0161i veljavno zakonodajo, imate pravico vlo\u017eiti prito\u017ebo pri pristojnem nadzornem organu.<\/p>\n\t\t\t\t\t\t\t\t<\/div>\n\t\t\t\t<\/div>\n\t\t\t\t<\/div>\n\t\t\t\t<\/div>\n\t\t\t\t\t<\/div>\n\t\t\t\t<\/div>\n\t\t\t\t<\/div>\n\t\t","protected":false},"excerpt":{"rendered":"<p>Politika zasebnosti Golf Residence Savudrija UpravljavecGolf Residence Savudrija d.o.o.Benkovi\u0107eva ulica 210000 Zagreb, Hrva\u0161ka OIB: 05932011650Direktor: Bago Tihomir sales@golfresort.hr +385 91 638 9388 GostovanjeNa\u0161a spletna stran je gostovana pri ponudniku Optimus-hosting.eu. Ob obisku spletnega mesta se samodejno obdelujejo podatki, kot so IP-naslov, datum in \u010das dostopa ter podatki o brskalniku. Ti podatki so tehni\u010dno nujni za [&hellip;]<\/p>\n","protected":false},"author":2,"featured_media":0,"parent":0,"menu_order":0,"comment_status":"closed","ping_status":"closed","template":"","meta":{"footnotes":""},"class_list":["post-5569","page","type-page","status-publish","hentry"],"_links":{"self":[{"href":"https:\/\/golfresort.hr\/sl\/wp-json\/wp\/v2\/pages\/5569","targetHints":{"allow":["GET"]}}],"collection":[{"href":"https:\/\/golfresort.hr\/sl\/wp-json\/wp\/v2\/pages"}],"about":[{"href":"https:\/\/golfresort.hr\/sl\/wp-json\/wp\/v2\/types\/page"}],"author":[{"embeddable":true,"href":"https:\/\/golfresort.hr\/sl\/wp-json\/wp\/v2\/users\/2"}],"replies":[{"embeddable":true,"href":"https:\/\/golfresort.hr\/sl\/wp-json\/wp\/v2\/comments?post=5569"}],"version-history":[{"count":11,"href":"https:\/\/golfresort.hr\/sl\/wp-json\/wp\/v2\/pages\/5569\/revisions"}],"predecessor-version":[{"id":6314,"href":"https:\/\/golfresort.hr\/sl\/wp-json\/wp\/v2\/pages\/5569\/revisions\/6314"}],"wp:attachment":[{"href":"https:\/\/golfresort.hr\/sl\/wp-json\/wp\/v2\/media?parent=5569"}],"curies":[{"name":"wp","href":"https:\/\/api.w.org\/{rel}","templated":true}]}}